{"id":202,"date":"2019-07-15T13:22:17","date_gmt":"2019-07-15T11:22:17","guid":{"rendered":"http:\/\/quadern-usabilitat.recursos.uoc.edu\/?page_id=202"},"modified":"2019-07-15T13:22:17","modified_gmt":"2019-07-15T11:22:17","slug":"introduccion","status":"publish","type":"page","link":"http:\/\/quadern-usabilitat.recursos.uoc.edu\/es\/","title":{"rendered":"Introducci\u00f3n"},"content":{"rendered":"<p>Actualmente el t\u00e9rmino usabilidad es de uso com\u00fan en el desarrollo de productos interactivos, sistemas o software, aunque, en la pr\u00e1ctica, la evaluaci\u00f3n de la usabilidad no siempre est\u00e1 plenamente integrada en el ciclo de vida del desarrollo de estos productos. La ingenier\u00eda de la usabilidad persigue estructurar la evaluaci\u00f3n de la usabilidad y, adem\u00e1s, que se produzca lo que ha venido a llamarse institucionalizaci\u00f3n de la usabilidad, es decir, que equipos de trabajo y empresas incorporen la evaluaci\u00f3n de la usabilidad seg\u00fan la perspectiva del dise\u00f1o centrado en el usuario en sus procesos de desarrollo y en la gesti\u00f3n de proyectos.<\/p>\n<p>Este cuaderno est\u00e1 dise\u00f1ado para acompa\u00f1ar a los estudiantes durante el estudio y cumplimiento de los retos de los que se forma la asignatura. El objetivo final es proporcionar conocimientos de nivel profesional en torno a la evaluaci\u00f3n de la usabilidad y, al mismo tiempo, mostrar la importancia de la evaluaci\u00f3n de sistemas interactivos y sus medidas, articulando las ventajas y desventajas de los diferentes m\u00e9todos. Se trabajar\u00e1n todos aquellos aspectos necesarios para evaluar la usabilidad de sistemas e interfaces, incluyendo la planificaci\u00f3n, los m\u00e9todos y el an\u00e1lisis de resultados.<\/p>\n<p>Cabe destacar que la disciplina que estudia la usabilidad tiene origen en la lengua anglosajona y esto provoca que haya dificultades para transmitir en catal\u00e1n y castellano los matices que el vocabulario espec\u00edfico en ingl\u00e9s puede dar a las definiciones. Por este motivo en este cuaderno se opta, a veces, por introducir los t\u00e9rminos en ingl\u00e9s junto a las traducciones para hacer \u00e9nfasis en el significado que se quiere dar en cada momento.<\/p>\n","protected":false},"excerpt":{"rendered":"<p>Actualmente el t\u00e9rmino usabilidad es de uso com\u00fan en el desarrollo de productos interactivos, sistemas o software, aunque, en la pr\u00e1ctica, la evaluaci\u00f3n de la usabilidad no siempre est\u00e1 plenamente integrada en el ciclo de vida del desarrollo de estos productos. La ingenier\u00eda de la usabilidad persigue estructurar la evaluaci\u00f3n de la usabilidad y, adem\u00e1s, [&hellip;]<\/p>\n","protected":false},"author":2,"featured_media":0,"parent":0,"menu_order":0,"comment_status":"closed","ping_status":"closed","template":"","meta":[],"_links":{"self":[{"href":"http:\/\/quadern-usabilitat.recursos.uoc.edu\/es\/wp-json\/wp\/v2\/pages\/202"}],"collection":[{"href":"http:\/\/quadern-usabilitat.recursos.uoc.edu\/es\/wp-json\/wp\/v2\/pages"}],"about":[{"href":"http:\/\/quadern-usabilitat.recursos.uoc.edu\/es\/wp-json\/wp\/v2\/types\/page"}],"author":[{"embeddable":true,"href":"http:\/\/quadern-usabilitat.recursos.uoc.edu\/es\/wp-json\/wp\/v2\/users\/2"}],"replies":[{"embeddable":true,"href":"http:\/\/quadern-usabilitat.recursos.uoc.edu\/es\/wp-json\/wp\/v2\/comments?post=202"}],"version-history":[{"count":1,"href":"http:\/\/quadern-usabilitat.recursos.uoc.edu\/es\/wp-json\/wp\/v2\/pages\/202\/revisions"}],"predecessor-version":[{"id":203,"href":"http:\/\/quadern-usabilitat.recursos.uoc.edu\/es\/wp-json\/wp\/v2\/pages\/202\/revisions\/203"}],"wp:attachment":[{"href":"http:\/\/quadern-usabilitat.recursos.uoc.edu\/es\/wp-json\/wp\/v2\/media?parent=202"}],"curies":[{"name":"wp","href":"https:\/\/api.w.org\/{rel}","templated":true}]}}