{"id":204,"date":"2019-07-15T13:27:30","date_gmt":"2019-07-15T11:27:30","guid":{"rendered":"http:\/\/quadern-usabilitat.recursos.uoc.edu\/?page_id=204"},"modified":"2019-07-15T13:27:30","modified_gmt":"2019-07-15T11:27:30","slug":"1-1-que-es-la-usabilidad","status":"publish","type":"page","link":"http:\/\/quadern-usabilitat.recursos.uoc.edu\/es\/1-1-que-es-la-usabilidad\/","title":{"rendered":"1.1. \u00bfQu\u00e9 es la usabilidad?"},"content":{"rendered":"<p>La usabilidad es sin\u00f3nimo de confort, hace referencia a c\u00f3mo interactuamos con los productos y servicios, sean f\u00edsicos o digitales, a la facilidad con la que los usamos y con lo que nos permiten hacer y c\u00f3mo nos lo permiten hacer.<\/p>\n<p>Cabe destacar que la facilidad de uso est\u00e1 dirigida a personas, prop\u00f3sitos y contextos espec\u00edficos pero no implica necesariamente que todos los productos y\/o servicios tengan que ser f\u00e1ciles de utilizar o tengan que tener un funcionamiento reconocible de manera inmediata.<\/p>\n<div class=\"featured featured-blue\"><p>As\u00ed pues, la usabilidad podr\u00eda ser definida como el atributo de calidad y fuente de satisfacci\u00f3n y aceptaci\u00f3n social de los productos y\/o servicios interactivos.<\/p>\n<\/div>\n<p>Por este motivo, la usabilidad es una de las bases para conseguir una buena experiencia de la persona usuaria. Dise\u00f1ar para garantizar una buena usabilidad implica pensar en la utilidad del sistema para garantizar una definici\u00f3n de funcionalidades que prioricen la eficiencia y la facilidad de uso. Pero \u00bfqu\u00e9 aspectos hay que tener en cuenta para que as\u00ed sea?<\/p>\n","protected":false},"excerpt":{"rendered":"<p>La usabilidad es sin\u00f3nimo de confort, hace referencia a c\u00f3mo interactuamos con los productos y servicios, sean f\u00edsicos o digitales, a la facilidad con la que los usamos y con lo que nos permiten hacer y c\u00f3mo nos lo permiten hacer. Cabe destacar que la facilidad de uso est\u00e1 dirigida a personas, prop\u00f3sitos y contextos [&hellip;]<\/p>\n","protected":false},"author":2,"featured_media":0,"parent":0,"menu_order":0,"comment_status":"closed","ping_status":"closed","template":"","meta":[],"_links":{"self":[{"href":"http:\/\/quadern-usabilitat.recursos.uoc.edu\/es\/wp-json\/wp\/v2\/pages\/204"}],"collection":[{"href":"http:\/\/quadern-usabilitat.recursos.uoc.edu\/es\/wp-json\/wp\/v2\/pages"}],"about":[{"href":"http:\/\/quadern-usabilitat.recursos.uoc.edu\/es\/wp-json\/wp\/v2\/types\/page"}],"author":[{"embeddable":true,"href":"http:\/\/quadern-usabilitat.recursos.uoc.edu\/es\/wp-json\/wp\/v2\/users\/2"}],"replies":[{"embeddable":true,"href":"http:\/\/quadern-usabilitat.recursos.uoc.edu\/es\/wp-json\/wp\/v2\/comments?post=204"}],"version-history":[{"count":1,"href":"http:\/\/quadern-usabilitat.recursos.uoc.edu\/es\/wp-json\/wp\/v2\/pages\/204\/revisions"}],"predecessor-version":[{"id":205,"href":"http:\/\/quadern-usabilitat.recursos.uoc.edu\/es\/wp-json\/wp\/v2\/pages\/204\/revisions\/205"}],"wp:attachment":[{"href":"http:\/\/quadern-usabilitat.recursos.uoc.edu\/es\/wp-json\/wp\/v2\/media?parent=204"}],"curies":[{"name":"wp","href":"https:\/\/api.w.org\/{rel}","templated":true}]}}