{"id":222,"date":"2019-07-15T13:43:08","date_gmt":"2019-07-15T11:43:08","guid":{"rendered":"http:\/\/quadern-usabilitat.recursos.uoc.edu\/?page_id=222"},"modified":"2021-09-22T08:04:16","modified_gmt":"2021-09-22T06:04:16","slug":"3-3-la-usabilidad-en-el-contexto-del-diseno-centrado-en-las-personas","status":"publish","type":"page","link":"http:\/\/quadern-usabilitat.recursos.uoc.edu\/es\/3-3-la-usabilidad-en-el-contexto-del-diseno-centrado-en-las-personas\/","title":{"rendered":"3.3. La usabilidad en el contexto del dise\u00f1o centrado en las personas"},"content":{"rendered":"<p>Del mismo modo que existen principios que favorecen la usabilidad de un sistema, hay leyes y principios vinculados a la forma como pervivimos y pensamos las personas que pueden afectar al dise\u00f1o de nuestro producto o servicio. Estas leyes y principios se recogen en el cuadro que presentamos a continuaci\u00f3n y se encuentran desglosados en los <em>toolkits<\/em>.<\/p>\n<table width=\"624\">\n<tbody>\n<tr class=\"table-header\">\n<td width=\"149\"><strong>Nombre del principio<\/strong><\/td>\n<td width=\"365\"><strong>Descripci\u00f3n<\/strong><\/td>\n<td width=\"110\"><strong>Enlace<\/strong><\/td>\n<\/tr>\n<tr>\n<td width=\"149\">Ley de Fitts<\/td>\n<td width=\"365\">Ley que afirma que el tiempo necesario para desplazarse hasta un elemento depende del tama\u00f1o del elemento y de la distancia hasta este.<\/td>\n<td width=\"110\"><a href=\"http:\/\/design-toolkit.uoc.edu\/es\/ley-de-fitts\/\" target=\"_blank\" rel=\"noopener\">Ficha<\/a><\/td>\n<\/tr>\n<tr>\n<td width=\"149\">Ley de Hick<\/td>\n<td width=\"365\">Ley que afirma que el tiempo que tardamos en tomar una decisi\u00f3n aumenta en relaci\u00f3n directa con el n\u00famero de alternativas disponibles: cuanto m\u00e1s alternativas, m\u00e1s tiempo.<\/td>\n<td width=\"110\"><a href=\"http:\/\/design-toolkit.uoc.edu\/es\/ley-de-hick\/\" target=\"_blank\" rel=\"noopener\">Ficha<\/a><\/td>\n<\/tr>\n<tr>\n<td width=\"149\">Similitud<\/td>\n<td width=\"365\">Se refiere al hecho de que los elementos que son similares son percibidos como relacionados, frente a los elementos que son diferentes.<\/td>\n<td width=\"110\"><a href=\"http:\/\/design-toolkit.uoc.edu\/es\/similitud\/\" target=\"_blank\" rel=\"noopener\">Ficha<\/a><\/td>\n<\/tr>\n<tr>\n<td width=\"149\">Met\u00e1fora<\/td>\n<td width=\"365\">Uso de una analog\u00eda que se puede presentar en varios formatos, como por ejemplo una imagen, un s\u00edmbolo o un texto para referirse a un concepto que no es denotado literalmente, sino en sentido figurado.<\/td>\n<td width=\"110\"><a href=\"http:\/\/design-toolkit.uoc.edu\/es\/metafora\/\" target=\"_blank\" rel=\"noopener\">Ficha<\/a><\/td>\n<\/tr>\n<tr>\n<td width=\"149\">Disonancia cognitiva<\/td>\n<td width=\"365\">Las personas tendemos a creer que hay coherencia entre lo que pensamos, decimos y hacemos. Cuando no hay una coherencia entre los pensamientos, las creencias o las actitudes se trata de una disonancia, que resulta en una experiencia desagradable o molesta. Este fen\u00f3meno afecta a las motivaciones e interacciones que tiene una persona con un sistema.<\/td>\n<td width=\"110\"><a href=\"http:\/\/design-toolkit.uoc.edu\/es\/disonancia-cognitiva\/\" target=\"_blank\" rel=\"noopener\">Ficha<\/a><\/td>\n<\/tr>\n<tr>\n<td width=\"149\">Modelo mental<\/td>\n<td width=\"365\">Los modelos mentales hacen referencia a los modelos conceptuales que tenemos las personas sobre c\u00f3mo funcionan los objetos, c\u00f3mo tienen lugar los hechos o c\u00f3mo se comporta la gente, y son resultado de nuestra necesidad de formar explicaciones de las cosas.<\/td>\n<td width=\"110\"><a href=\"http:\/\/design-toolkit.uoc.edu\/es\/modelo-mental\/\" target=\"_blank\" rel=\"noopener\">Ficha<\/a><\/td>\n<\/tr>\n<\/tbody>\n<\/table>\n<div class=\"featured featured-grey\"><\/p>\n<p><strong>Ejercicio <\/strong><\/p>\n<p>Identificad los diferentes principios y leyes comentados en los \u00faltimos apartados en alg\u00fan producto o servicio que us\u00e9is a menudo. \u00bfSe cumplen correctamente? \u00bfC\u00f3mo influye este hecho en vuestra experiencia de persona usuaria?<\/p>\n<p>\n<\/div>\n","protected":false},"excerpt":{"rendered":"<p>Del mismo modo que existen principios que favorecen la usabilidad de un sistema, hay leyes y principios vinculados a la forma como pervivimos y pensamos las personas que pueden afectar al dise\u00f1o de nuestro producto o servicio. Estas leyes y principios se recogen en el cuadro que presentamos a continuaci\u00f3n y se encuentran desglosados en [&hellip;]<\/p>\n","protected":false},"author":2,"featured_media":0,"parent":0,"menu_order":0,"comment_status":"closed","ping_status":"closed","template":"","meta":[],"_links":{"self":[{"href":"http:\/\/quadern-usabilitat.recursos.uoc.edu\/es\/wp-json\/wp\/v2\/pages\/222"}],"collection":[{"href":"http:\/\/quadern-usabilitat.recursos.uoc.edu\/es\/wp-json\/wp\/v2\/pages"}],"about":[{"href":"http:\/\/quadern-usabilitat.recursos.uoc.edu\/es\/wp-json\/wp\/v2\/types\/page"}],"author":[{"embeddable":true,"href":"http:\/\/quadern-usabilitat.recursos.uoc.edu\/es\/wp-json\/wp\/v2\/users\/2"}],"replies":[{"embeddable":true,"href":"http:\/\/quadern-usabilitat.recursos.uoc.edu\/es\/wp-json\/wp\/v2\/comments?post=222"}],"version-history":[{"count":8,"href":"http:\/\/quadern-usabilitat.recursos.uoc.edu\/es\/wp-json\/wp\/v2\/pages\/222\/revisions"}],"predecessor-version":[{"id":344,"href":"http:\/\/quadern-usabilitat.recursos.uoc.edu\/es\/wp-json\/wp\/v2\/pages\/222\/revisions\/344"}],"wp:attachment":[{"href":"http:\/\/quadern-usabilitat.recursos.uoc.edu\/es\/wp-json\/wp\/v2\/media?parent=222"}],"curies":[{"name":"wp","href":"https:\/\/api.w.org\/{rel}","templated":true}]}}