{"id":237,"date":"2019-07-15T15:00:28","date_gmt":"2019-07-15T13:00:28","guid":{"rendered":"http:\/\/quadern-usabilitat.recursos.uoc.edu\/?page_id=237"},"modified":"2019-07-15T19:17:11","modified_gmt":"2019-07-15T17:17:11","slug":"4-3-metodologia","status":"publish","type":"page","link":"http:\/\/quadern-usabilitat.recursos.uoc.edu\/es\/4-3-metodologia\/","title":{"rendered":"4.3. Metodolog\u00eda"},"content":{"rendered":"<p>Para llevar a cabo una evaluaci\u00f3n heur\u00edstica hay que tener presente cu\u00e1les son los objetivos de la evaluaci\u00f3n, puesto que este hecho nos ayudar\u00e1 a elegir una lista u otra de heur\u00edsticos. Hay diferentes herramientas que facilitan la tarea y permiten asentar las bases de la inspecci\u00f3n a realizar.<\/p>\n<p>Una vez elegido el <em>checklist<\/em> que usaremos, hay que hacer la inspecci\u00f3n, anotar los hallazgos y sintetizar las recomendaciones y oportunidades de mejora, teniendo en cuenta la severidad y repetici\u00f3n de los errores encontrados.<\/p>\n<p>Consultad la gu\u00eda y la ficha de la evaluaci\u00f3n heur\u00edstica en el <em>Design Toolkit<\/em> para profundizar en esta t\u00e9cnica, descubrir las ventajas e inconvenientes y entender en qu\u00e9 momentos hay que hacer uso de esta t\u00e9cnica.<\/p>\n<ul>\n<li><a href=\"http:\/\/design-toolkit.recursos.uoc.edu\/es\/guia\/evaluacion-heuristica\/\">Enlace a la gu\u00eda<\/a><\/li>\n<li><a href=\"http:\/\/design-toolkit.recursos.uoc.edu\/es\/evaluacion-heuristica\/\">Enlace a la ficha<\/a><\/li>\n<\/ul>\n","protected":false},"excerpt":{"rendered":"<p>Para llevar a cabo una evaluaci\u00f3n heur\u00edstica hay que tener presente cu\u00e1les son los objetivos de la evaluaci\u00f3n, puesto que este hecho nos ayudar\u00e1 a elegir una lista u otra de heur\u00edsticos. Hay diferentes herramientas que facilitan la tarea y permiten asentar las bases de la inspecci\u00f3n a realizar. Una vez elegido el checklist que [&hellip;]<\/p>\n","protected":false},"author":2,"featured_media":0,"parent":0,"menu_order":0,"comment_status":"closed","ping_status":"closed","template":"","meta":[],"_links":{"self":[{"href":"http:\/\/quadern-usabilitat.recursos.uoc.edu\/es\/wp-json\/wp\/v2\/pages\/237"}],"collection":[{"href":"http:\/\/quadern-usabilitat.recursos.uoc.edu\/es\/wp-json\/wp\/v2\/pages"}],"about":[{"href":"http:\/\/quadern-usabilitat.recursos.uoc.edu\/es\/wp-json\/wp\/v2\/types\/page"}],"author":[{"embeddable":true,"href":"http:\/\/quadern-usabilitat.recursos.uoc.edu\/es\/wp-json\/wp\/v2\/users\/2"}],"replies":[{"embeddable":true,"href":"http:\/\/quadern-usabilitat.recursos.uoc.edu\/es\/wp-json\/wp\/v2\/comments?post=237"}],"version-history":[{"count":2,"href":"http:\/\/quadern-usabilitat.recursos.uoc.edu\/es\/wp-json\/wp\/v2\/pages\/237\/revisions"}],"predecessor-version":[{"id":303,"href":"http:\/\/quadern-usabilitat.recursos.uoc.edu\/es\/wp-json\/wp\/v2\/pages\/237\/revisions\/303"}],"wp:attachment":[{"href":"http:\/\/quadern-usabilitat.recursos.uoc.edu\/es\/wp-json\/wp\/v2\/media?parent=237"}],"curies":[{"name":"wp","href":"https:\/\/api.w.org\/{rel}","templated":true}]}}