{"id":239,"date":"2019-07-15T15:01:22","date_gmt":"2019-07-15T13:01:22","guid":{"rendered":"http:\/\/quadern-usabilitat.recursos.uoc.edu\/?page_id=239"},"modified":"2019-07-15T15:01:22","modified_gmt":"2019-07-15T13:01:22","slug":"4-4-analisis-de-resultados","status":"publish","type":"page","link":"http:\/\/quadern-usabilitat.recursos.uoc.edu\/es\/4-4-analisis-de-resultados\/","title":{"rendered":"4.4. An\u00e1lisis de resultados"},"content":{"rendered":"<p>La evaluaci\u00f3n heur\u00edstica generalmente se lleva a cabo por un grupo reducido de personas expertas, que, una vez realizada la misma, ponen en com\u00fan los informes para consensuar el informe final. Este informe final generalmente incluye una ponderaci\u00f3n de los errores seg\u00fan el grado de severidad y una priorizaci\u00f3n final de las soluciones planteadas.<\/p>\n","protected":false},"excerpt":{"rendered":"<p>La evaluaci\u00f3n heur\u00edstica generalmente se lleva a cabo por un grupo reducido de personas expertas, que, una vez realizada la misma, ponen en com\u00fan los informes para consensuar el informe final. Este informe final generalmente incluye una ponderaci\u00f3n de los errores seg\u00fan el grado de severidad y una priorizaci\u00f3n final de las soluciones planteadas.<\/p>\n","protected":false},"author":2,"featured_media":0,"parent":0,"menu_order":0,"comment_status":"closed","ping_status":"closed","template":"","meta":[],"_links":{"self":[{"href":"http:\/\/quadern-usabilitat.recursos.uoc.edu\/es\/wp-json\/wp\/v2\/pages\/239"}],"collection":[{"href":"http:\/\/quadern-usabilitat.recursos.uoc.edu\/es\/wp-json\/wp\/v2\/pages"}],"about":[{"href":"http:\/\/quadern-usabilitat.recursos.uoc.edu\/es\/wp-json\/wp\/v2\/types\/page"}],"author":[{"embeddable":true,"href":"http:\/\/quadern-usabilitat.recursos.uoc.edu\/es\/wp-json\/wp\/v2\/users\/2"}],"replies":[{"embeddable":true,"href":"http:\/\/quadern-usabilitat.recursos.uoc.edu\/es\/wp-json\/wp\/v2\/comments?post=239"}],"version-history":[{"count":1,"href":"http:\/\/quadern-usabilitat.recursos.uoc.edu\/es\/wp-json\/wp\/v2\/pages\/239\/revisions"}],"predecessor-version":[{"id":240,"href":"http:\/\/quadern-usabilitat.recursos.uoc.edu\/es\/wp-json\/wp\/v2\/pages\/239\/revisions\/240"}],"wp:attachment":[{"href":"http:\/\/quadern-usabilitat.recursos.uoc.edu\/es\/wp-json\/wp\/v2\/media?parent=239"}],"curies":[{"name":"wp","href":"https:\/\/api.w.org\/{rel}","templated":true}]}}