{"id":241,"date":"2019-07-15T15:02:18","date_gmt":"2019-07-15T13:02:18","guid":{"rendered":"http:\/\/quadern-usabilitat.recursos.uoc.edu\/?page_id=241"},"modified":"2019-07-15T15:02:18","modified_gmt":"2019-07-15T13:02:18","slug":"5-1-introduccion","status":"publish","type":"page","link":"http:\/\/quadern-usabilitat.recursos.uoc.edu\/es\/5-1-introduccion\/","title":{"rendered":"5.1. Introducci\u00f3n"},"content":{"rendered":"<div class=\"featured featured-blue\"><p>El recorrido cognitivo es un m\u00e9todo de evaluaci\u00f3n en el que uno o m\u00e1s expertos realizan una serie de tareas y se hacen un conjunto de preguntas desde la perspectiva del usuario.<\/p>\n<\/div>\n<p>A partir de los escenarios y las tareas que se espera que los usuarios tengan que hacer, el evaluador las lleva a cabo asumiendo el rol del usuario. Durante la ejecuci\u00f3n de esta t\u00e9cnica, se analizan las tareas que el usuario tiene que llevar a cabo y se simula el proceso de resoluci\u00f3n de problemas de cada etapa del proceso de interacci\u00f3n. De este modo se comprueba si los objetivos simulados y la carga cognitiva podr\u00e1n ser asumidos para que el usuario haga una nueva acci\u00f3n correcta.<\/p>\n","protected":false},"excerpt":{"rendered":"<p>A partir de los escenarios y las tareas que se espera que los usuarios tengan que hacer, el evaluador las lleva a cabo asumiendo el rol del usuario. Durante la ejecuci\u00f3n de esta t\u00e9cnica, se analizan las tareas que el usuario tiene que llevar a cabo y se simula el proceso de resoluci\u00f3n de problemas [&hellip;]<\/p>\n","protected":false},"author":2,"featured_media":0,"parent":0,"menu_order":0,"comment_status":"closed","ping_status":"closed","template":"","meta":[],"_links":{"self":[{"href":"http:\/\/quadern-usabilitat.recursos.uoc.edu\/es\/wp-json\/wp\/v2\/pages\/241"}],"collection":[{"href":"http:\/\/quadern-usabilitat.recursos.uoc.edu\/es\/wp-json\/wp\/v2\/pages"}],"about":[{"href":"http:\/\/quadern-usabilitat.recursos.uoc.edu\/es\/wp-json\/wp\/v2\/types\/page"}],"author":[{"embeddable":true,"href":"http:\/\/quadern-usabilitat.recursos.uoc.edu\/es\/wp-json\/wp\/v2\/users\/2"}],"replies":[{"embeddable":true,"href":"http:\/\/quadern-usabilitat.recursos.uoc.edu\/es\/wp-json\/wp\/v2\/comments?post=241"}],"version-history":[{"count":1,"href":"http:\/\/quadern-usabilitat.recursos.uoc.edu\/es\/wp-json\/wp\/v2\/pages\/241\/revisions"}],"predecessor-version":[{"id":242,"href":"http:\/\/quadern-usabilitat.recursos.uoc.edu\/es\/wp-json\/wp\/v2\/pages\/241\/revisions\/242"}],"wp:attachment":[{"href":"http:\/\/quadern-usabilitat.recursos.uoc.edu\/es\/wp-json\/wp\/v2\/media?parent=241"}],"curies":[{"name":"wp","href":"https:\/\/api.w.org\/{rel}","templated":true}]}}