{"id":243,"date":"2019-07-15T15:02:55","date_gmt":"2019-07-15T13:02:55","guid":{"rendered":"http:\/\/quadern-usabilitat.recursos.uoc.edu\/?page_id=243"},"modified":"2019-07-15T19:18:03","modified_gmt":"2019-07-15T17:18:03","slug":"5-2-metodologia","status":"publish","type":"page","link":"http:\/\/quadern-usabilitat.recursos.uoc.edu\/es\/5-2-metodologia\/","title":{"rendered":"5.2. Metodolog\u00eda"},"content":{"rendered":"<p>La planificaci\u00f3n de un recorrido cognitivo requiere que se haga un ejercicio de empat\u00eda hacia las personas usuarias, puesto que las personas expertas se tendr\u00e1n que poner en la piel de las usuarias para completar las tareas, teniendo en cuenta contextos de uso y escenarios concretos. Por este motivo, la planificaci\u00f3n de los recorridos cognitivos debe ser muy cuidadosa. Aun as\u00ed, encaja perfectamente en los procesos de dise\u00f1o centrado en las personas.<\/p>\n<p>En la ficha del <em>Design Toolkit<\/em> y en la PAC se puede profundizar en el conocimiento de esta t\u00e9cnica.<\/p>\n<ul>\n<li><a href=\"http:\/\/design-toolkit.recursos.uoc.edu\/es\/cognitive-walkthrough\/\">Enlace a la ficha<\/a><\/li>\n<\/ul>\n","protected":false},"excerpt":{"rendered":"<p>La planificaci\u00f3n de un recorrido cognitivo requiere que se haga un ejercicio de empat\u00eda hacia las personas usuarias, puesto que las personas expertas se tendr\u00e1n que poner en la piel de las usuarias para completar las tareas, teniendo en cuenta contextos de uso y escenarios concretos. Por este motivo, la planificaci\u00f3n de los recorridos cognitivos [&hellip;]<\/p>\n","protected":false},"author":2,"featured_media":0,"parent":0,"menu_order":0,"comment_status":"closed","ping_status":"closed","template":"","meta":[],"_links":{"self":[{"href":"http:\/\/quadern-usabilitat.recursos.uoc.edu\/es\/wp-json\/wp\/v2\/pages\/243"}],"collection":[{"href":"http:\/\/quadern-usabilitat.recursos.uoc.edu\/es\/wp-json\/wp\/v2\/pages"}],"about":[{"href":"http:\/\/quadern-usabilitat.recursos.uoc.edu\/es\/wp-json\/wp\/v2\/types\/page"}],"author":[{"embeddable":true,"href":"http:\/\/quadern-usabilitat.recursos.uoc.edu\/es\/wp-json\/wp\/v2\/users\/2"}],"replies":[{"embeddable":true,"href":"http:\/\/quadern-usabilitat.recursos.uoc.edu\/es\/wp-json\/wp\/v2\/comments?post=243"}],"version-history":[{"count":2,"href":"http:\/\/quadern-usabilitat.recursos.uoc.edu\/es\/wp-json\/wp\/v2\/pages\/243\/revisions"}],"predecessor-version":[{"id":304,"href":"http:\/\/quadern-usabilitat.recursos.uoc.edu\/es\/wp-json\/wp\/v2\/pages\/243\/revisions\/304"}],"wp:attachment":[{"href":"http:\/\/quadern-usabilitat.recursos.uoc.edu\/es\/wp-json\/wp\/v2\/media?parent=243"}],"curies":[{"name":"wp","href":"https:\/\/api.w.org\/{rel}","templated":true}]}}