{"id":246,"date":"2019-07-15T15:03:38","date_gmt":"2019-07-15T13:03:38","guid":{"rendered":"http:\/\/quadern-usabilitat.recursos.uoc.edu\/?page_id=246"},"modified":"2019-07-15T15:03:38","modified_gmt":"2019-07-15T13:03:38","slug":"5-3-analisis-de-resultados","status":"publish","type":"page","link":"http:\/\/quadern-usabilitat.recursos.uoc.edu\/es\/5-3-analisis-de-resultados\/","title":{"rendered":"5.3. An\u00e1lisis de resultados"},"content":{"rendered":"<p>Los recorridos cognitivos se suelen llevar a cabo del mismo modo que se llevan a cabo las evaluaciones heur\u00edsticas: con un grupo de personas expertas que despu\u00e9s ponen en com\u00fan los hallazgos y establecen un informe final, de caracter\u00edsticas similares a las comentadas anteriormente, pero con m\u00e1s \u00e9nfasis en los problemas encontrados en el momento de llevar a cabo las tareas.<\/p>\n","protected":false},"excerpt":{"rendered":"<p>Los recorridos cognitivos se suelen llevar a cabo del mismo modo que se llevan a cabo las evaluaciones heur\u00edsticas: con un grupo de personas expertas que despu\u00e9s ponen en com\u00fan los hallazgos y establecen un informe final, de caracter\u00edsticas similares a las comentadas anteriormente, pero con m\u00e1s \u00e9nfasis en los problemas encontrados en el momento [&hellip;]<\/p>\n","protected":false},"author":2,"featured_media":0,"parent":0,"menu_order":0,"comment_status":"closed","ping_status":"closed","template":"","meta":[],"_links":{"self":[{"href":"http:\/\/quadern-usabilitat.recursos.uoc.edu\/es\/wp-json\/wp\/v2\/pages\/246"}],"collection":[{"href":"http:\/\/quadern-usabilitat.recursos.uoc.edu\/es\/wp-json\/wp\/v2\/pages"}],"about":[{"href":"http:\/\/quadern-usabilitat.recursos.uoc.edu\/es\/wp-json\/wp\/v2\/types\/page"}],"author":[{"embeddable":true,"href":"http:\/\/quadern-usabilitat.recursos.uoc.edu\/es\/wp-json\/wp\/v2\/users\/2"}],"replies":[{"embeddable":true,"href":"http:\/\/quadern-usabilitat.recursos.uoc.edu\/es\/wp-json\/wp\/v2\/comments?post=246"}],"version-history":[{"count":1,"href":"http:\/\/quadern-usabilitat.recursos.uoc.edu\/es\/wp-json\/wp\/v2\/pages\/246\/revisions"}],"predecessor-version":[{"id":247,"href":"http:\/\/quadern-usabilitat.recursos.uoc.edu\/es\/wp-json\/wp\/v2\/pages\/246\/revisions\/247"}],"wp:attachment":[{"href":"http:\/\/quadern-usabilitat.recursos.uoc.edu\/es\/wp-json\/wp\/v2\/media?parent=246"}],"curies":[{"name":"wp","href":"https:\/\/api.w.org\/{rel}","templated":true}]}}