{"id":259,"date":"2019-07-15T15:12:16","date_gmt":"2019-07-15T13:12:16","guid":{"rendered":"http:\/\/quadern-usabilitat.recursos.uoc.edu\/?page_id=259"},"modified":"2021-09-22T08:26:57","modified_gmt":"2021-09-22T06:26:57","slug":"6-4-cuadro-de-metodos","status":"publish","type":"page","link":"http:\/\/quadern-usabilitat.recursos.uoc.edu\/es\/6-4-cuadro-de-metodos\/","title":{"rendered":"6.4. Cuadro de m\u00e9todos"},"content":{"rendered":"<p>&nbsp;<\/p>\n<table width=\"624\">\n<tbody>\n<tr class=\"table-header\">\n<td width=\"149\"><strong>Nombre del m\u00e9todo<\/strong><\/td>\n<td width=\"365\"><strong>Descripci\u00f3n<\/strong><\/td>\n<td width=\"110\"><strong>Enlace<\/strong><\/td>\n<\/tr>\n<tr>\n<td width=\"149\"><em>Card sorting<\/em><\/td>\n<td width=\"365\">Din\u00e1mica que permite explorar c\u00f3mo las personas agrupan la informaci\u00f3n en categor\u00edas y c\u00f3mo relacionan los conceptos. \u00datil para definir la arquitectura de la informaci\u00f3n.<\/td>\n<td width=\"110\"><a href=\"http:\/\/design-toolkit.uoc.edu\/es\/card-sorting\/\">Ficha<\/a><\/td>\n<\/tr>\n<tr>\n<td width=\"149\"><em>Tree testing<\/em><\/td>\n<td width=\"365\">M\u00e9todo para evaluar la arquitectura a partir de tareas que deben realizar las personas usuarias.<\/td>\n<td width=\"110\"><a href=\"http:\/\/design-toolkit.uoc.edu\/es\/tree-testing\/\">Ficha<\/a><\/td>\n<\/tr>\n<tr>\n<td width=\"149\">Cuestionarios<\/td>\n<td width=\"365\">Preguntas elaboradas y dise\u00f1adas con el objetivo de recoger informaci\u00f3n espec\u00edfica sobre las personas usuarias.<\/td>\n<td width=\"110\"><a href=\"http:\/\/design-toolkit.uoc.edu\/es\/cuestionarios\/\" target=\"_blank\" rel=\"noopener noreferrer\">Ficha\u00a0<\/a><\/td>\n<\/tr>\n<tr>\n<td width=\"149\">Diarios de usuario<\/td>\n<td width=\"365\">Diario de descripciones de experiencias de las personas usuarias con un producto o servicio o sobre c\u00f3mo llevan a cabo una actividad.<\/td>\n<td width=\"110\"><a href=\"http:\/\/design-toolkit.uoc.edu\/es\/diarios-de-usuario\/\">Ficha<\/a><\/td>\n<\/tr>\n<tr>\n<td width=\"149\">Entrevista<\/td>\n<td width=\"365\">T\u00e9cnica cualitativa en la que, mediante preguntas a la persona usuaria actual o futura, se obtiene informaci\u00f3n sobre procesos y significado.<\/td>\n<td width=\"110\"><a href=\"http:\/\/design-toolkit.uoc.edu\/es\/entrevista\/\">Ficha<\/a><\/td>\n<\/tr>\n<tr>\n<td width=\"149\"><em>Focus groups<\/em><\/td>\n<td width=\"365\">Din\u00e1micas de grupo que permiten obtener informaci\u00f3n de entre 6 y 12 personas usuarias mediante la conversaci\u00f3n abierta.<\/td>\n<td width=\"110\"><a href=\"http:\/\/design-toolkit.uoc.edu\/es\/focus-groups\/\">Ficha<\/a><\/td>\n<\/tr>\n<tr>\n<td width=\"149\">Modelo Kano<\/td>\n<td width=\"365\">Se trata de una metodolog\u00eda de an\u00e1lisis de la satisfacci\u00f3n de las personas usuarias que incluye un cuestionario de funcionalidades espec\u00edfico.<\/td>\n<td width=\"110\"><a href=\"http:\/\/design-toolkit.uoc.edu\/es\/modelo-kano\/\">Ficha<\/a><\/td>\n<\/tr>\n<\/tbody>\n<\/table>\n","protected":false},"excerpt":{"rendered":"<p>&nbsp; Nombre del m\u00e9todo Descripci\u00f3n Enlace Card sorting Din\u00e1mica que permite explorar c\u00f3mo las personas agrupan la informaci\u00f3n en categor\u00edas y c\u00f3mo relacionan los conceptos. \u00datil para definir la arquitectura de la informaci\u00f3n. Ficha Tree testing M\u00e9todo para evaluar la arquitectura a partir de tareas que deben realizar las personas usuarias. Ficha Cuestionarios Preguntas elaboradas [&hellip;]<\/p>\n","protected":false},"author":2,"featured_media":0,"parent":0,"menu_order":0,"comment_status":"closed","ping_status":"closed","template":"","meta":[],"_links":{"self":[{"href":"http:\/\/quadern-usabilitat.recursos.uoc.edu\/es\/wp-json\/wp\/v2\/pages\/259"}],"collection":[{"href":"http:\/\/quadern-usabilitat.recursos.uoc.edu\/es\/wp-json\/wp\/v2\/pages"}],"about":[{"href":"http:\/\/quadern-usabilitat.recursos.uoc.edu\/es\/wp-json\/wp\/v2\/types\/page"}],"author":[{"embeddable":true,"href":"http:\/\/quadern-usabilitat.recursos.uoc.edu\/es\/wp-json\/wp\/v2\/users\/2"}],"replies":[{"embeddable":true,"href":"http:\/\/quadern-usabilitat.recursos.uoc.edu\/es\/wp-json\/wp\/v2\/comments?post=259"}],"version-history":[{"count":7,"href":"http:\/\/quadern-usabilitat.recursos.uoc.edu\/es\/wp-json\/wp\/v2\/pages\/259\/revisions"}],"predecessor-version":[{"id":348,"href":"http:\/\/quadern-usabilitat.recursos.uoc.edu\/es\/wp-json\/wp\/v2\/pages\/259\/revisions\/348"}],"wp:attachment":[{"href":"http:\/\/quadern-usabilitat.recursos.uoc.edu\/es\/wp-json\/wp\/v2\/media?parent=259"}],"curies":[{"name":"wp","href":"https:\/\/api.w.org\/{rel}","templated":true}]}}