{"id":264,"date":"2019-07-15T15:16:25","date_gmt":"2019-07-15T13:16:25","guid":{"rendered":"http:\/\/quadern-usabilitat.recursos.uoc.edu\/?page_id=264"},"modified":"2019-07-15T15:16:25","modified_gmt":"2019-07-15T13:16:25","slug":"6-6-interpretacion-de-la-informacion","status":"publish","type":"page","link":"http:\/\/quadern-usabilitat.recursos.uoc.edu\/es\/6-6-interpretacion-de-la-informacion\/","title":{"rendered":"6.6. Interpretaci\u00f3n de la informaci\u00f3n"},"content":{"rendered":"<p>Las m\u00e9tricas por s\u00ed solas no aportan informaci\u00f3n, sino que hay que interpretarlas. Y aqu\u00ed es donde hay que realizar un an\u00e1lisis que nos permita identificar los porqu\u00e9s detr\u00e1s los fen\u00f3menos observados. Mediante el an\u00e1lisis buscaremos los patrones de comportamiento que nos ayuden a expresar los datos, pero en este punto hay que tener el ojo entrenado y lo m\u00e1s recomendable es aprender por medio de la experiencia profesional.<\/p>\n<p>As\u00ed pues, es recomendable enumerar los problemas de usabilidad que evidencian los datos y analizar los datos, tanto en positivo como en negativo. Por lo tanto, buscaremos los porqu\u00e9s de los datos relativos al fracaso y al \u00e9xito de las tareas.<\/p>\n<p>Para llevar a cabo este an\u00e1lisis, algunas recomendaciones habituales son:<\/p>\n<ul>\n<li>No utilizar los comentarios de las personas usuarias como fuente absoluta para interpretar los datos, sino que hay que contextualizarlos y filtrarlos.<\/li>\n<\/ul>\n<ul>\n<li>Hay que buscar las razones y los porqu\u00e9s de los resultados de las tareas con preguntas como \u00ab\u00bfPor qu\u00e9 no se han dado las condiciones de \u00e9xito?\u00bb, \u00ab\u00bfQu\u00e9 esperaba la persona usuaria que pasara y qu\u00e9 ha pasado?\u00bb<\/li>\n<\/ul>\n<ul>\n<li>Buscar las similitudes y diferencias entre el comportamiento de las personas usuarias.<\/li>\n<\/ul>\n<ul>\n<li>Qu\u00e9 agrupaciones y relaciones entre conceptos, categor\u00edas y\/o elementos repiten las personas usuarias y cu\u00e1les son diferentes.<\/li>\n<\/ul>\n<ul>\n<li>Si utilizamos tecnolog\u00edas durante las pruebas, visualizar y comparar los recorridos visuales nos permite identificar las zonas de m\u00e1s y menos visibilidad de la interfaz.<\/li>\n<\/ul>\n<ul>\n<li>Buscar el extremo, aquello que ha pasado demasiado o demasiado poco nos puede orientar para encontrar los problemas existentes.<\/li>\n<\/ul>\n<ul>\n<li>Revisar las anotaciones y las grabaciones evitar\u00e1 que se tomen conclusiones apresuradas.<\/li>\n<\/ul>\n","protected":false},"excerpt":{"rendered":"<p>Las m\u00e9tricas por s\u00ed solas no aportan informaci\u00f3n, sino que hay que interpretarlas. Y aqu\u00ed es donde hay que realizar un an\u00e1lisis que nos permita identificar los porqu\u00e9s detr\u00e1s los fen\u00f3menos observados. Mediante el an\u00e1lisis buscaremos los patrones de comportamiento que nos ayuden a expresar los datos, pero en este punto hay que tener el [&hellip;]<\/p>\n","protected":false},"author":2,"featured_media":0,"parent":0,"menu_order":0,"comment_status":"closed","ping_status":"closed","template":"","meta":[],"_links":{"self":[{"href":"http:\/\/quadern-usabilitat.recursos.uoc.edu\/es\/wp-json\/wp\/v2\/pages\/264"}],"collection":[{"href":"http:\/\/quadern-usabilitat.recursos.uoc.edu\/es\/wp-json\/wp\/v2\/pages"}],"about":[{"href":"http:\/\/quadern-usabilitat.recursos.uoc.edu\/es\/wp-json\/wp\/v2\/types\/page"}],"author":[{"embeddable":true,"href":"http:\/\/quadern-usabilitat.recursos.uoc.edu\/es\/wp-json\/wp\/v2\/users\/2"}],"replies":[{"embeddable":true,"href":"http:\/\/quadern-usabilitat.recursos.uoc.edu\/es\/wp-json\/wp\/v2\/comments?post=264"}],"version-history":[{"count":1,"href":"http:\/\/quadern-usabilitat.recursos.uoc.edu\/es\/wp-json\/wp\/v2\/pages\/264\/revisions"}],"predecessor-version":[{"id":265,"href":"http:\/\/quadern-usabilitat.recursos.uoc.edu\/es\/wp-json\/wp\/v2\/pages\/264\/revisions\/265"}],"wp:attachment":[{"href":"http:\/\/quadern-usabilitat.recursos.uoc.edu\/es\/wp-json\/wp\/v2\/media?parent=264"}],"curies":[{"name":"wp","href":"https:\/\/api.w.org\/{rel}","templated":true}]}}